{"id":109,"date":"2026-01-11T15:47:26","date_gmt":"2026-01-11T15:47:26","guid":{"rendered":"https:\/\/paispresentes.pt\/?page_id=109"},"modified":"2026-01-11T20:16:13","modified_gmt":"2026-01-11T20:16:13","slug":"bem-vindo-presenca-real","status":"publish","type":"page","link":"https:\/\/paispresentes.pt\/?page_id=109","title":{"rendered":"Bem-vindo \u2014 Presen\u00e7a Real"},"content":{"rendered":"\n<p><strong>Bem-vindo ao Programa 30 Dias de Presen\u00e7a Real<\/strong><\/p>\n\n\n\n<p>Se est\u00e1s aqui, escolheste presen\u00e7a em vez de controlo.<br>Escolheste responsabilidade em vez de obedi\u00eancia.<\/p>\n\n\n\n<p>Este programa vai pedir 10 minutos por dia.<br>N\u00e3o mais.<br>Mas esses 10 minutos v\u00e3o mudar a tua casa.<\/p>\n\n\n\n<p><strong>Como come\u00e7ar hoje<\/strong><\/p>\n\n\n\n<p>1\ufe0f\u20e3 Descarrega o <strong>Caderno do Programa<\/strong><br>2\ufe0f\u20e3 Escolhe o teu hor\u00e1rio di\u00e1rio<br>3\ufe0f\u20e3 Faz o Ritual de 5 minutos<br>4\ufe0f\u20e3 Come\u00e7a o Dia 1<\/p>\n\n\n\n<p>\ud83d\udc49 <a href=\"https:\/\/paispresentes.pt\/?page_id=111\">Come\u00e7ar o Dia 1<\/a><\/p>\n\n\n\n<p><\/p>\n","protected":false},"excerpt":{"rendered":"<p>Bem-vindo ao Programa 30 Dias de Presen\u00e7a Real Se est\u00e1s aqui, escolheste presen\u00e7a em vez de controlo.Escolheste responsabilidade em vez [&hellip;]<\/p>\n","protected":false},"author":1,"featured_media":0,"parent":0,"menu_order":0,"comment_status":"closed","ping_status":"closed","template":"","meta":{"site-sidebar-layout":"default","site-content-layout":"","ast-site-content-layout":"default","site-content-style":"default","site-sidebar-style":"default","ast-global-header-display":"","ast-banner-title-visibility":"","ast-main-header-display":"","ast-hfb-above-header-display":"","ast-hfb-below-header-display":"","ast-hfb-mobile-header-display":"","site-post-title":"","ast-breadcrumbs-content":"","ast-featured-img":"","footer-sml-layout":"","ast-disable-related-posts":"","theme-transparent-header-meta":"","adv-header-id-meta":"","stick-header-meta":"","header-above-stick-meta":"","header-main-stick-meta":"","header-below-stick-meta":"","astra-migrate-meta-layouts":"default","ast-page-background-enabled":"default","ast-page-background-meta":{"desktop":{"background-color":"var(--ast-global-color-5)","background-image":"","background-repeat":"repeat","background-position":"center center","background-size":"auto","background-attachment":"scroll","background-type":"","background-media":"","overlay-type":"","overlay-color":"","overlay-opacity":"","overlay-gradient":""},"tablet":{"background-color":"","background-image":"","background-repeat":"repeat","background-position":"center center","background-size":"auto","background-attachment":"scroll","background-type":"","background-media":"","overlay-type":"","overlay-color":"","overlay-opacity":"","overlay-gradient":""},"mobile":{"background-color":"","background-image":"","background-repeat":"repeat","background-position":"center center","background-size":"auto","background-attachment":"scroll","background-type":"","background-media":"","overlay-type":"","overlay-color":"","overlay-opacity":"","overlay-gradient":""}},"ast-content-background-meta":{"desktop":{"background-color":"var(--ast-global-color-4)","background-image":"","background-repeat":"repeat","background-position":"center center","background-size":"auto","background-attachment":"scroll","background-type":"","background-media":"","overlay-type":"","overlay-color":"","overlay-opacity":"","overlay-gradient":""},"tablet":{"background-color":"var(--ast-global-color-4)","background-image":"","background-repeat":"repeat","background-position":"center center","background-size":"auto","background-attachment":"scroll","background-type":"","background-media":"","overlay-type":"","overlay-color":"","overlay-opacity":"","overlay-gradient":""},"mobile":{"background-color":"var(--ast-global-color-4)","background-image":"","background-repeat":"repeat","background-position":"center center","background-size":"auto","background-attachment":"scroll","background-type":"","background-media":"","overlay-type":"","overlay-color":"","overlay-opacity":"","overlay-gradient":""}},"footnotes":""},"class_list":["post-109","page","type-page","status-publish","hentry"],"_links":{"self":[{"href":"https:\/\/paispresentes.pt\/index.php?rest_route=\/wp\/v2\/pages\/109","targetHints":{"allow":["GET"]}}],"collection":[{"href":"https:\/\/paispresentes.pt\/index.php?rest_route=\/wp\/v2\/pages"}],"about":[{"href":"https:\/\/paispresentes.pt\/index.php?rest_route=\/wp\/v2\/types\/page"}],"author":[{"embeddable":true,"href":"https:\/\/paispresentes.pt\/index.php?rest_route=\/wp\/v2\/users\/1"}],"replies":[{"embeddable":true,"href":"https:\/\/paispresentes.pt\/index.php?rest_route=%2Fwp%2Fv2%2Fcomments&post=109"}],"version-history":[{"count":2,"href":"https:\/\/paispresentes.pt\/index.php?rest_route=\/wp\/v2\/pages\/109\/revisions"}],"predecessor-version":[{"id":121,"href":"https:\/\/paispresentes.pt\/index.php?rest_route=\/wp\/v2\/pages\/109\/revisions\/121"}],"wp:attachment":[{"href":"https:\/\/paispresentes.pt\/index.php?rest_route=%2Fwp%2Fv2%2Fmedia&parent=109"}],"curies":[{"name":"wp","href":"https:\/\/api.w.org\/{rel}","templated":true}]}}