{"id":14,"date":"2026-01-08T16:45:59","date_gmt":"2026-01-08T16:45:59","guid":{"rendered":"https:\/\/paispresentes.pt\/?page_id=14"},"modified":"2026-01-08T18:58:50","modified_gmt":"2026-01-08T18:58:50","slug":"problemas-que-resolvemos","status":"publish","type":"page","link":"https:\/\/paispresentes.pt\/?page_id=14","title":{"rendered":"Problemas que Resolvemos"},"content":{"rendered":"\n<p>N\u00e3o trabalhamos sintomas.Trabalhamos ra\u00edzes.<\/p>\n\n\n\n<p><strong>1. O meu filho s\u00f3 quer o telem\u00f3vel<\/strong><\/p>\n\n\n\n<p>Regras sem guerra. Limites que educam. Rotinas que libertam.<\/p>\n\n\n\n<p><strong>2. O meu filho n\u00e3o quer estudar<\/strong><\/p>\n\n\n\n<p>Do controlo para a responsabilidade. Sistemas simples de foco.<\/p>\n\n\n\n<p><strong>3. Ansiedade juvenil<\/strong><\/p>\n\n\n\n<p>Seguran\u00e7a emocional. Rotinas de estabilidade. Presen\u00e7a di\u00e1ria.<\/p>\n\n\n\n<p><strong>4. Falta de respeito e autoridade<\/strong><\/p>\n\n\n\n<p>Autoridade calma. Limites claros. Consequ\u00eancias reais.<\/p>\n\n\n\n<p><strong>5. Dist\u00e2ncia emocional<\/strong><\/p>\n\n\n\n<p>Reconex\u00e3o. Conversas que reabrem portas. Ritual de 5 minutos.<\/p>\n\n\n\n<p><em>Tudo isto \u00e9 tratado com o mesmo princ\u00edpio: presen\u00e7a \u2192 responsabilidade \u2192 autonomia.<\/em><\/p>\n\n\n\n<p><\/p>\n","protected":false},"excerpt":{"rendered":"<p>N\u00e3o trabalhamos sintomas.Trabalhamos ra\u00edzes. 1. O meu filho s\u00f3 quer o telem\u00f3vel Regras sem guerra. Limites que educam. Rotinas que [&hellip;]<\/p>\n","protected":false},"author":1,"featured_media":0,"parent":0,"menu_order":0,"comment_status":"closed","ping_status":"closed","template":"","meta":{"site-sidebar-layout":"default","site-content-layout":"","ast-site-content-layout":"default","site-content-style":"default","site-sidebar-style":"default","ast-global-header-display":"","ast-banner-title-visibility":"","ast-main-header-display":"","ast-hfb-above-header-display":"","ast-hfb-below-header-display":"","ast-hfb-mobile-header-display":"","site-post-title":"","ast-breadcrumbs-content":"","ast-featured-img":"","footer-sml-layout":"","ast-disable-related-posts":"","theme-transparent-header-meta":"","adv-header-id-meta":"","stick-header-meta":"","header-above-stick-meta":"","header-main-stick-meta":"","header-below-stick-meta":"","astra-migrate-meta-layouts":"default","ast-page-background-enabled":"default","ast-page-background-meta":{"desktop":{"background-color":"var(--ast-global-color-5)","background-image":"","background-repeat":"repeat","background-position":"center center","background-size":"auto","background-attachment":"scroll","background-type":"","background-media":"","overlay-type":"","overlay-color":"","overlay-opacity":"","overlay-gradient":""},"tablet":{"background-color":"","background-image":"","background-repeat":"repeat","background-position":"center center","background-size":"auto","background-attachment":"scroll","background-type":"","background-media":"","overlay-type":"","overlay-color":"","overlay-opacity":"","overlay-gradient":""},"mobile":{"background-color":"","background-image":"","background-repeat":"repeat","background-position":"center center","background-size":"auto","background-attachment":"scroll","background-type":"","background-media":"","overlay-type":"","overlay-color":"","overlay-opacity":"","overlay-gradient":""}},"ast-content-background-meta":{"desktop":{"background-color":"var(--ast-global-color-4)","background-image":"","background-repeat":"repeat","background-position":"center center","background-size":"auto","background-attachment":"scroll","background-type":"","background-media":"","overlay-type":"","overlay-color":"","overlay-opacity":"","overlay-gradient":""},"tablet":{"background-color":"var(--ast-global-color-4)","background-image":"","background-repeat":"repeat","background-position":"center center","background-size":"auto","background-attachment":"scroll","background-type":"","background-media":"","overlay-type":"","overlay-color":"","overlay-opacity":"","overlay-gradient":""},"mobile":{"background-color":"var(--ast-global-color-4)","background-image":"","background-repeat":"repeat","background-position":"center center","background-size":"auto","background-attachment":"scroll","background-type":"","background-media":"","overlay-type":"","overlay-color":"","overlay-opacity":"","overlay-gradient":""}},"footnotes":""},"class_list":["post-14","page","type-page","status-publish","hentry"],"_links":{"self":[{"href":"https:\/\/paispresentes.pt\/index.php?rest_route=\/wp\/v2\/pages\/14","targetHints":{"allow":["GET"]}}],"collection":[{"href":"https:\/\/paispresentes.pt\/index.php?rest_route=\/wp\/v2\/pages"}],"about":[{"href":"https:\/\/paispresentes.pt\/index.php?rest_route=\/wp\/v2\/types\/page"}],"author":[{"embeddable":true,"href":"https:\/\/paispresentes.pt\/index.php?rest_route=\/wp\/v2\/users\/1"}],"replies":[{"embeddable":true,"href":"https:\/\/paispresentes.pt\/index.php?rest_route=%2Fwp%2Fv2%2Fcomments&post=14"}],"version-history":[{"count":2,"href":"https:\/\/paispresentes.pt\/index.php?rest_route=\/wp\/v2\/pages\/14\/revisions"}],"predecessor-version":[{"id":35,"href":"https:\/\/paispresentes.pt\/index.php?rest_route=\/wp\/v2\/pages\/14\/revisions\/35"}],"wp:attachment":[{"href":"https:\/\/paispresentes.pt\/index.php?rest_route=%2Fwp%2Fv2%2Fmedia&parent=14"}],"curies":[{"name":"wp","href":"https:\/\/api.w.org\/{rel}","templated":true}]}}