{"id":24,"date":"2026-01-08T18:39:27","date_gmt":"2026-01-08T18:39:27","guid":{"rendered":"https:\/\/paispresentes.pt\/?page_id=24"},"modified":"2026-01-11T21:47:23","modified_gmt":"2026-01-11T21:47:23","slug":"home","status":"publish","type":"page","link":"https:\/\/paispresentes.pt\/?page_id=24","title":{"rendered":"Home"},"content":{"rendered":"\n<h2 class=\"wp-block-heading\">Pais Presentes <\/h2>\n\n\n\n<p>Criar filhos aut\u00f3nomos, emocionalmente seguros e presentes \u2014 num mundo digital.<\/p>\n\n\n\n<p><strong>Aprendi a ser o pai que o meu filho precisava \u2014 n\u00e3o o pai que eu queria ser.<\/strong><\/p>\n\n\n\n<p>Aqui n\u00e3o ensinamos obedi\u00eancia. Ensinamos responsabilidade, presen\u00e7a e autonomia.<\/p>\n\n\n\n<p>Para pais que querem criar adultos fortes \u2014 n\u00e3o crian\u00e7as controladas.<\/p>\n\n\n\n<p><strong>Come\u00e7a por aqui<\/strong><\/p>\n\n\n\n<p><a href=\"https:\/\/paispresentes.pt\/?p=50\">Como posso ajudar o meu filho a ser melhor?<\/a><\/p>\n\n\n\n<p><a href=\"https:\/\/paispresentes.pt\/?p=63\">O meu filho s\u00f3 quer o telem\u00f3vel \u2014 o que fa\u00e7o?<\/a><\/p>\n\n\n\n<p><strong>Queres dar o pr\u00f3ximo passo?<\/strong><br><a href=\"https:\/\/paispresentes.pt\/?page_id=95\">Conhece o Programa 30 Dias de Presen\u00e7a Real<\/a><\/p>\n\n\n\n<p><\/p>\n","protected":false},"excerpt":{"rendered":"<p>Pais Presentes Criar filhos aut\u00f3nomos, emocionalmente seguros e presentes \u2014 num mundo digital. Aprendi a ser o pai que o [&hellip;]<\/p>\n","protected":false},"author":1,"featured_media":0,"parent":0,"menu_order":0,"comment_status":"closed","ping_status":"closed","template":"","meta":{"site-sidebar-layout":"default","site-content-layout":"","ast-site-content-layout":"default","site-content-style":"default","site-sidebar-style":"default","ast-global-header-display":"","ast-banner-title-visibility":"","ast-main-header-display":"","ast-hfb-above-header-display":"","ast-hfb-below-header-display":"","ast-hfb-mobile-header-display":"","site-post-title":"","ast-breadcrumbs-content":"","ast-featured-img":"","footer-sml-layout":"","ast-disable-related-posts":"","theme-transparent-header-meta":"","adv-header-id-meta":"","stick-header-meta":"","header-above-stick-meta":"","header-main-stick-meta":"","header-below-stick-meta":"","astra-migrate-meta-layouts":"default","ast-page-background-enabled":"default","ast-page-background-meta":{"desktop":{"background-color":"var(--ast-global-color-5)","background-image":"","background-repeat":"repeat","background-position":"center center","background-size":"auto","background-attachment":"scroll","background-type":"","background-media":"","overlay-type":"","overlay-color":"","overlay-opacity":"","overlay-gradient":""},"tablet":{"background-color":"","background-image":"","background-repeat":"repeat","background-position":"center center","background-size":"auto","background-attachment":"scroll","background-type":"","background-media":"","overlay-type":"","overlay-color":"","overlay-opacity":"","overlay-gradient":""},"mobile":{"background-color":"","background-image":"","background-repeat":"repeat","background-position":"center center","background-size":"auto","background-attachment":"scroll","background-type":"","background-media":"","overlay-type":"","overlay-color":"","overlay-opacity":"","overlay-gradient":""}},"ast-content-background-meta":{"desktop":{"background-color":"var(--ast-global-color-4)","background-image":"","background-repeat":"repeat","background-position":"center center","background-size":"auto","background-attachment":"scroll","background-type":"","background-media":"","overlay-type":"","overlay-color":"","overlay-opacity":"","overlay-gradient":""},"tablet":{"background-color":"var(--ast-global-color-4)","background-image":"","background-repeat":"repeat","background-position":"center center","background-size":"auto","background-attachment":"scroll","background-type":"","background-media":"","overlay-type":"","overlay-color":"","overlay-opacity":"","overlay-gradient":""},"mobile":{"background-color":"var(--ast-global-color-4)","background-image":"","background-repeat":"repeat","background-position":"center center","background-size":"auto","background-attachment":"scroll","background-type":"","background-media":"","overlay-type":"","overlay-color":"","overlay-opacity":"","overlay-gradient":""}},"footnotes":""},"class_list":["post-24","page","type-page","status-publish","hentry"],"_links":{"self":[{"href":"https:\/\/paispresentes.pt\/index.php?rest_route=\/wp\/v2\/pages\/24","targetHints":{"allow":["GET"]}}],"collection":[{"href":"https:\/\/paispresentes.pt\/index.php?rest_route=\/wp\/v2\/pages"}],"about":[{"href":"https:\/\/paispresentes.pt\/index.php?rest_route=\/wp\/v2\/types\/page"}],"author":[{"embeddable":true,"href":"https:\/\/paispresentes.pt\/index.php?rest_route=\/wp\/v2\/users\/1"}],"replies":[{"embeddable":true,"href":"https:\/\/paispresentes.pt\/index.php?rest_route=%2Fwp%2Fv2%2Fcomments&post=24"}],"version-history":[{"count":16,"href":"https:\/\/paispresentes.pt\/index.php?rest_route=\/wp\/v2\/pages\/24\/revisions"}],"predecessor-version":[{"id":137,"href":"https:\/\/paispresentes.pt\/index.php?rest_route=\/wp\/v2\/pages\/24\/revisions\/137"}],"wp:attachment":[{"href":"https:\/\/paispresentes.pt\/index.php?rest_route=%2Fwp%2Fv2%2Fmedia&parent=24"}],"curies":[{"name":"wp","href":"https:\/\/api.w.org\/{rel}","templated":true}]}}